{"id":214,"date":"2022-10-27T17:09:32","date_gmt":"2022-10-27T15:09:32","guid":{"rendered":"http:\/\/hotel-ruether.webseiten-express.de\/?page_id=214"},"modified":"2026-03-21T16:48:19","modified_gmt":"2026-03-21T15:48:19","slug":"einzelzimmer","status":"publish","type":"page","link":"https:\/\/apartmenthotel-ruether.de\/nl\/zimmerkategorien\/einzelzimmer\/","title":{"rendered":"Eenpersoonskamer"},"content":{"rendered":"<p>[et_pb_section fb_built=&#8220;1&#8243; _builder_version=&#8220;4.18.0&#8243; _module_preset=&#8220;default&#8220; global_colors_info=&#8220;{}&#8220;][et_pb_row _builder_version=&#8220;4.18.0&#8243; _module_preset=&#8220;default&#8220; global_colors_info=&#8220;{}&#8220;][et_pb_column type=&#8220;4_4&#8243; _builder_version=&#8220;4.18.0&#8243; _module_preset=&#8220;default&#8220; global_colors_info=&#8220;{}&#8220;][et_pb_text _builder_version=&#8220;4.18.0&#8243; _module_preset=&#8220;default&#8220; global_colors_info=&#8220;{}&#8220;]<\/p>\n<h1>Eenpersoonskamer<\/h1>\n<p>[\/et_pb_text][\/et_pb_column][\/et_pb_row][et_pb_row column_structure=&#8220;1_2,1_2&#8243; _builder_version=&#8220;4.18.0&#8243; _module_preset=&#8220;default&#8220; global_colors_info=&#8220;{}&#8220;][et_pb_column type=&#8220;1_2&#8243; _builder_version=&#8220;4.18.0&#8243; _module_preset=&#8220;default&#8220; global_colors_info=&#8220;{}&#8220;][et_pb_image src=&#8220;https:\/\/apartmenthotel-ruether.de\/wp-content\/uploads\/2022\/11\/einzelzimmer.jpg&#8220; title_text=&#8220;Einzelzimmer&#8220; _builder_version=&#8220;4.19.0&#8243; _module_preset=&#8220;default&#8220; global_colors_info=&#8220;{}&#8220;][\/et_pb_image][\/et_pb_column][et_pb_column type=&#8220;1_2&#8243; _builder_version=&#8220;4.18.0&#8243; _module_preset=&#8220;default&#8220; global_colors_info=&#8220;{}&#8220;][et_pb_text _builder_version=&#8220;4.19.1&#8243; _module_preset=&#8220;default&#8220; global_colors_info=&#8220;{}&#8220;]<\/p>\n<h3><span style=\"text-decoration: underline;\">Uitrusting:<\/span><\/h3>\n<p style=\"font-weight: 400;\">Grootte 18 m\u00b2<\/p>\n<p style=\"font-weight: 400;\">Tweepersoonsbed (180\u00d7200 cm)<\/p>\n<p style=\"font-weight: 400;\">Badkamer zonder raam met douche op de begane grond,<br \/>WC, haardroger, handzeep, shampoo en douchegel<\/p>\n<p>Flatscreen TV, telefoon, WLAN<\/p>\n<p>Schreibtisch, 1 Stuhl, 1 Sessel, Kaffeemaschine, Wasserkocher, K\u00fchlschrank<\/p>\n<p>Eiken parket en geschikt voor mensen met een allergie<\/p>\n<p>(kussen kan op verzoek geruild worden)<\/p>\n<p>[\/et_pb_text][\/et_pb_column][\/et_pb_row][et_pb_row _builder_version=&#8220;4.19.0&#8243; _module_preset=&#8220;default&#8220; global_colors_info=&#8220;{}&#8220;][et_pb_column type=&#8220;4_4&#8243; _builder_version=&#8220;4.19.0&#8243; _module_preset=&#8220;default&#8220; global_colors_info=&#8220;{}&#8220;][et_pb_text _builder_version=&#8220;4.19.0&#8243; _module_preset=&#8220;default&#8220; global_colors_info=&#8220;{}&#8220;]<\/p>\n<p>Voor reizen met kinderen of honden geven wij u graag telefonisch advies. We hebben hier verschillende opties en categorie\u00ebn.<\/p>\n<div>Kinderbett ist in dieser Zimmerkategorie leider nicht m\u00f6glich.<\/div>\n<div>\n<p>Wij accepteren alleen honden in geselecteerde kamers na voorafgaande registratie en schriftelijke bevestiging. De eenpersoonskamer is niet geschikt voor honden.<\/p>\n<p><span>Preis EZ: 75,00 \u20ac pro Zimmer + Nacht (Januar-M\u00e4rz und November-Dezember 2026)<\/span><\/p>\n<p>Preis EZ: 85,00 \u20ac pro Zimmer + Nacht (April-Oktober 2026)<span><\/span><\/p>\n<p><span><\/span><\/p>\n<\/div>\n<p>[\/et_pb_text][et_pb_button button_url=&#8220;\/kontakt&#8220; button_text=&#8220;Anfragen&#8220; button_alignment=&#8220;left&#8220; _builder_version=&#8220;4.19.0&#8243; _module_preset=&#8220;default&#8220; custom_button=&#8220;on&#8220; button_text_color=&#8220;#FFFFFF&#8220; global_colors_info=&#8220;{}&#8220;][\/et_pb_button][\/et_pb_column][\/et_pb_row][\/et_pb_section]<\/p>","protected":false},"excerpt":{"rendered":"<p>EinzelzimmerAusstattung: Gr\u00f6\u00dfe 18 m\u00b2 Doppelbett (180&#215;200 cm) Badezimmer ohne Fenster mit ebenerdiger Dusche,WC, Haarf\u00f6hn, Handseife, Shampoo und Duschgel Flachbild-TV, Telefon, WLAN Schreibtisch, 1 Stuhl, 1 Sessel, Kaffeemaschine, Wasserkocher, K\u00fchlschrank Eichenparkett und f\u00fcr Allergiker geeignet (Kopfkissen auf Wunsch austauschbar)F\u00fcr Reisen mit Kindern oder Hunden beraten wir Sie gerne telefonisch. Wir verf\u00fcgen hier \u00fcber verschiedene M\u00f6glichkeiten und [&hellip;]<\/p>","protected":false},"author":5,"featured_media":0,"parent":14,"menu_order":0,"comment_status":"closed","ping_status":"closed","template":"","meta":{"_et_pb_use_builder":"on","_et_pb_old_content":"","_et_gb_content_width":"","footnotes":""},"class_list":["post-214","page","type-page","status-publish","hentry"],"_links":{"self":[{"href":"https:\/\/apartmenthotel-ruether.de\/nl\/wp-json\/wp\/v2\/pages\/214","targetHints":{"allow":["GET"]}}],"collection":[{"href":"https:\/\/apartmenthotel-ruether.de\/nl\/wp-json\/wp\/v2\/pages"}],"about":[{"href":"https:\/\/apartmenthotel-ruether.de\/nl\/wp-json\/wp\/v2\/types\/page"}],"author":[{"embeddable":true,"href":"https:\/\/apartmenthotel-ruether.de\/nl\/wp-json\/wp\/v2\/users\/5"}],"replies":[{"embeddable":true,"href":"https:\/\/apartmenthotel-ruether.de\/nl\/wp-json\/wp\/v2\/comments?post=214"}],"version-history":[{"count":3,"href":"https:\/\/apartmenthotel-ruether.de\/nl\/wp-json\/wp\/v2\/pages\/214\/revisions"}],"predecessor-version":[{"id":555,"href":"https:\/\/apartmenthotel-ruether.de\/nl\/wp-json\/wp\/v2\/pages\/214\/revisions\/555"}],"up":[{"embeddable":true,"href":"https:\/\/apartmenthotel-ruether.de\/nl\/wp-json\/wp\/v2\/pages\/14"}],"wp:attachment":[{"href":"https:\/\/apartmenthotel-ruether.de\/nl\/wp-json\/wp\/v2\/media?parent=214"}],"curies":[{"name":"wp","href":"https:\/\/api.w.org\/{rel}","templated":true}]}}